{"id":2,"date":"2024-08-08T10:41:34","date_gmt":"2024-08-08T08:41:34","guid":{"rendered":"https:\/\/buo.test.qbits.at\/forschungsquartier\/?page_id=2"},"modified":"2025-11-03T12:12:46","modified_gmt":"2025-11-03T11:12:46","slug":"beispiel-seite","status":"publish","type":"page","link":"https:\/\/buo.de\/forschungsquartier\/","title":{"rendered":"B&amp;O Bau ForschungsQuartier"},"content":{"rendered":"<div id=\"text-and-image-block_4b210c58c517fcffa6cbec96020adbb1\"\n     class=\"text-and-image-container force-full-width ltr has_no_animation\">\n\n    <style>\n        #text-and-image-block_4b210c58c517fcffa6cbec96020adbb1 {\n            --textAndImageHeight: 800px;\n            --textAndImageBackgroundColor: ;\n            --textAndImageTextColor: ;\n        }\n        @media screen and (max-width: 1024px) {\n        #text-and-image-block_4b210c58c517fcffa6cbec96020adbb1 {\n            --textAndImageHeight: 250px;\n        }\n        }\n    <\/style>\n\n                <div class=\"image-wrapper   contain\">\n                <div class=\"image-outer\">\n                                        <img decoding=\"async\" loading=\"lazy\" alt=\"\" style=\"max-height: var(--textAndImageHeight)\" sizes=\"(max-width: 1920px) 100vw, 1920px\" srcset=\"https:\/\/buo.de\/forschungsquartier\/wp-content\/uploads\/sites\/5\/2024\/08\/XT51227-scaled.jpg 2560w, https:\/\/buo.de\/forschungsquartier\/wp-content\/uploads\/sites\/5\/2024\/08\/XT51227-300x200.jpg 300w, https:\/\/buo.de\/forschungsquartier\/wp-content\/uploads\/sites\/5\/2024\/08\/XT51227-1024x683.jpg 1024w, https:\/\/buo.de\/forschungsquartier\/wp-content\/uploads\/sites\/5\/2024\/08\/XT51227-768x512.jpg 768w, https:\/\/buo.de\/forschungsquartier\/wp-content\/uploads\/sites\/5\/2024\/08\/XT51227-1536x1024.jpg 1536w, https:\/\/buo.de\/forschungsquartier\/wp-content\/uploads\/sites\/5\/2024\/08\/XT51227-2048x1365.jpg 2048w, https:\/\/buo.de\/forschungsquartier\/wp-content\/uploads\/sites\/5\/2024\/08\/XT51227-1620x1080.jpg 1620w\" src=\"https:\/\/buo.de\/forschungsquartier\/wp-content\/uploads\/sites\/5\/2024\/08\/XT51227-scaled.jpg\" class=\"image\">\n                <\/div>\n            <\/div>\n                        <div class=\"text \">\n            <h2 class=\"over-content\"><\/h2>\n            <div class=\"content more-content-available\"><h2 class=\"wp-block-heading\">B&amp;O Bau ForschungsQuartier<\/h2>\n<h3>in Bad Aibling<\/h3>\n<p><!-- \/wp:heading --><\/p>\n<p><!-- wp:paragraph --><\/p>\n<p><!-- \/wp:paragraph --><\/p>\n<p><!-- wp:paragraph --><\/p>\n<p>Auf dem ehemaligen Milit\u00e4rgel\u00e4nde in Bad Aibling entwickelt B&amp;O Bau ein urbanes Quartier auf dem Lande. Im Vordergrund steht dabei eine gesunde Mischung aus Wohnen, Arbeiten und Leben. Ein besonderes Augenmerk liegt dabei auf der Gestaltung des \u00f6ffentlichen Raums, dem vorhandenen Baumbestand und vielf\u00e4ltig genutzten Gr\u00fcnfl\u00e4chen.<\/p>\n<p>Die sinnvolle Umwidmung alten Geb\u00e4udebestands, die umsichtige Nachverdichtung mit innovativen Holzbauten zusammen mit einer klimafreundlichen Energieversorgung machen das Gel\u00e4nde zu einem Vorzeigequartier:<\/p>\n<p><!-- \/wp:paragraph --><\/p>\n<p><!-- wp:paragraph --><\/p>\n<ul>\n<li><strong>Soziale und funktionale Mischung:<br \/>\n<\/strong><!-- wp:list --><!-- \/wp:paragraph -->Arbeiten, Wohnen, Schulen, Sport, Kultur und Natur<\/li>\n<\/ul>\n<p><\/div>\n\n                            <button class=\"read-more-button\"><i class=\"fa-solid fa-chevron-right\"><\/i>WEITERLESEN<\/button>\n                \n            <div class=\"read-more-content\"><\/p>\n<p><!-- \/wp:list --><\/p>\n<p><!-- wp:paragraph --><\/p>\n<ul>\n<li><strong>Klimafreundliche Energieversorgung:<br \/>\n<\/strong>Solarthermie, Photovoltaik, Fernw\u00e4rmenetz, Restholzheizung<\/li>\n<\/ul>\n<p><!-- \/wp:paragraph --><\/p>\n<p><!-- wp:list --><\/p>\n<p><!-- \/wp:list --><\/p>\n<p><!-- wp:paragraph --><\/p>\n<ul>\n<li><strong>Modellquartier f\u00fcr die Wohnungswirtschaft:<br \/>\n<\/strong>Sanierung, Modernisierung, Nachverdichtung<\/li>\n<\/ul>\n<p><!-- \/wp:paragraph --><\/p>\n<p><!-- wp:list --><\/p>\n<p><!-- \/wp:list --><\/p>\n<p><!-- wp:paragraph --><\/p>\n<ul>\n<li><strong>Holzbau mit hohem Vorfertigungsgrad:<br \/>\n<\/strong>Klimafreundlich, z\u00fcgig und bezahlbar<\/li>\n<\/ul>\n<p><!-- \/wp:paragraph --><\/p>\n<p><!-- wp:list --><\/p>\n<p><!-- \/wp:list --><\/p>\n<p><!-- \/wp:paragraph --> <!-- wp:paragraph --><\/p>\n<p>&nbsp;<\/p>\n<\/div>\n                    <\/div>\n        <\/div>\n\n\n\n<div style=\"height:100px\" aria-hidden=\"true\" class=\"wp-block-spacer\"><\/div>\n\n\n<div id=\"text-and-youtube-block_a2ac5c39524380fd18ed6a3b7ce2a7bf\"\n     class=\"text-and-youtube-container force-full-width rtl\">\n\n    <style>\n        #text-and-youtube-block_a2ac5c39524380fd18ed6a3b7ce2a7bf {\n            --textAndYoutubeBackgroundColor: #241D4C;\n            --textAndYoutubeTextColor: #FFFFFF;\n        }\n    <\/style>\n\n            <a href=\"#skip-text-and-youtube-block_a2ac5c39524380fd18ed6a3b7ce2a7bf\" class=\"sr-only\" title=\"\">Video \u00fcberspringen<\/a>\n        <div class=\"image-wrapper video-wrapper\">\n            <div class=\"video-outer\">\n                 <div class=\"brlbs-cmpnt-container brlbs-cmpnt-content-blocker brlbs-cmpnt-with-individual-styles\" data-borlabs-cookie-content-blocker-id=\"youtube-content-blocker\" data-borlabs-cookie-content=\"PGlmcmFtZSBzcmM9Imh0dHBzOi8vd3d3LnlvdXR1YmUtbm9jb29raWUuY29tL2VtYmVkLzlXSi01SEhDbmFrP3JlbD0wJiMwMzg7bG9vcD0xJiMwMzg7cGxheWxpc3Q9OVdKLTVISENuYWsmIzAzODthdXRvcGxheT0xJiMwMzg7bXV0ZT0xJiMwMzg7Y29udHJvbHM9MCIKICAgICAgICAgICAgICAgICAgICAgICAgdGl0bGU9IiIKICAgICAgICAgICAgICAgICAgICAgICAgYWxsb3c9ImFjY2VsZXJvbWV0ZXI7IGF1dG9wbGF5OyBjbGlwYm9hcmQtd3JpdGU7IGVuY3J5cHRlZC1tZWRpYTsgZ3lyb3Njb3BlOyBwaWN0dXJlLWluLXBpY3R1cmUiCiAgICAgICAgICAgICAgICAgICAgICAgIGFsbG93ZnVsbHNjcmVlbj0iIiBmcmFtZWJvcmRlcj0iMCI+PC9pZnJhbWU+\"><div class=\"brlbs-cmpnt-cb-preset-c brlbs-cmpnt-cb-youtube\"> <div class=\"brlbs-cmpnt-cb-thumbnail\" style=\"background-image: url('https:\/\/buo.de\/forschungsquartier\/wp-content\/uploads\/borlabs-cookie\/5\/yt_9WJ-5HHCnak_hqdefault.jpg')\"><\/div> <div class=\"brlbs-cmpnt-cb-main\"> <div class=\"brlbs-cmpnt-cb-play-button\"><\/div> <div class=\"brlbs-cmpnt-cb-content\"> <p class=\"brlbs-cmpnt-cb-description\">Sie sehen gerade einen Platzhalterinhalt von <strong>YouTube<\/strong>. Um auf den eigentlichen Inhalt zuzugreifen, klicken Sie auf die Schaltfl\u00e4che unten. Bitte beachten Sie, dass dabei Daten an Drittanbieter weitergegeben werden.<\/p> <a class=\"brlbs-cmpnt-cb-provider-toggle\" href=\"#\" data-borlabs-cookie-show-provider-information role=\"button\">Mehr Informationen<\/a> <\/div> <div class=\"brlbs-cmpnt-cb-buttons\"> <a class=\"brlbs-cmpnt-cb-btn\" href=\"#\" data-borlabs-cookie-unblock role=\"button\">Inhalt entsperren<\/a> <a class=\"brlbs-cmpnt-cb-btn\" href=\"#\" data-borlabs-cookie-accept-service role=\"button\" style=\"display: inherit\">Erforderlichen Service akzeptieren und Inhalte entsperren<\/a> <\/div> <\/div> <\/div><\/div>\n            <\/div>\n        <\/div>\n                    <div class=\"text\" id=\"skip-text-and-youtube-block_a2ac5c39524380fd18ed6a3b7ce2a7bf\">\n            <div class=\"over-content\"><\/div>\n            <div class=\"content \"><h2>Nachhaltig Leben und Arbeiten im B&amp;O Bau ForschungsQuartier<\/h2>\n<p><span data-teams=\"true\"><span class=\"ui-provider a b c d e f g h i j k l m n o p q r s t u v w x y z ab ac ae af ag ah ai aj ak\" dir=\"ltr\">Das B&amp;O Bau ForschungsQuartier Bad Aibling verbindet nachhaltiges Wohnen, Arbeiten und Erholung in einem harmonischen Umfeld. Umgeben von renaturierten Gr\u00fcnfl\u00e4chen, bietet das Quartier moderne Holzbauarchitektur und energieeffiziente L\u00f6sungen wie Solarthermie und Restholzheizungen. Bewohner genie\u00dfen kurze Wege zwischen Wohnung, Arbeitsplatz sowie Kindergarten und Schule. W\u00e4hrend Freizeitangebote, Gemeinschaftsg\u00e4rten und Spielpl\u00e4tze Raum f\u00fcr Erholung bieten. Mit einer Mischung aus nachhaltiger Bauweise und naturverbundener Umgebung steht das Quartier f\u00fcr ein zukunftsweisendes und \u00f6kologisches Lebenskonzept.<\/span><\/span><\/p>\n<\/div>\n\n            \n            <div class=\"read-more-content\"><\/div>\n                    <\/div>\n        <\/div>\n\n\n\n<div style=\"height:100px\" aria-hidden=\"true\" class=\"wp-block-spacer\"><\/div>\n\n\n\n<h2 class=\"wp-block-heading has-text-align-left force-full-width\">\u00dcberblick<\/h2>\n\n\n<div id=\"mapsvg-35\" data-id=\"35\" class=\"mapsvg\" data-autoload=\"true\" data-loading-text=\"\" style=\"width: 100%; height: 0; padding-bottom: 95.05%\" data-lazy=\"true\"><\/div>\n\n\n\n<div style=\"height:100px\" aria-hidden=\"true\" class=\"wp-block-spacer\"><\/div>\n\n\n<div id=\"text-and-image-block_dbc562b398214d32f98527a26f61d328\"\n     class=\"text-and-image-container force-full-width ltr has_no_animation\">\n\n    <style>\n        #text-and-image-block_dbc562b398214d32f98527a26f61d328 {\n            --textAndImageHeight: 800px;\n            --textAndImageBackgroundColor: ;\n            --textAndImageTextColor: ;\n        }\n        @media screen and (max-width: 1024px) {\n        #text-and-image-block_dbc562b398214d32f98527a26f61d328 {\n            --textAndImageHeight: 250px;\n        }\n        }\n    <\/style>\n\n                <div class=\"image-wrapper   contain\">\n                <div class=\"image-outer\">\n                                        <img decoding=\"async\" loading=\"lazy\" alt=\"\" style=\"max-height: var(--textAndImageHeight)\" sizes=\"(max-width: 1920px) 100vw, 1920px\" srcset=\"https:\/\/buo.de\/forschungsquartier\/wp-content\/uploads\/sites\/5\/2024\/08\/DJI_0518-scaled.jpg 2560w, https:\/\/buo.de\/forschungsquartier\/wp-content\/uploads\/sites\/5\/2024\/08\/DJI_0518-300x225.jpg 300w, https:\/\/buo.de\/forschungsquartier\/wp-content\/uploads\/sites\/5\/2024\/08\/DJI_0518-1024x768.jpg 1024w, https:\/\/buo.de\/forschungsquartier\/wp-content\/uploads\/sites\/5\/2024\/08\/DJI_0518-768x576.jpg 768w, https:\/\/buo.de\/forschungsquartier\/wp-content\/uploads\/sites\/5\/2024\/08\/DJI_0518-1536x1152.jpg 1536w, https:\/\/buo.de\/forschungsquartier\/wp-content\/uploads\/sites\/5\/2024\/08\/DJI_0518-2048x1536.jpg 2048w, https:\/\/buo.de\/forschungsquartier\/wp-content\/uploads\/sites\/5\/2024\/08\/DJI_0518-1440x1080.jpg 1440w\" src=\"https:\/\/buo.de\/forschungsquartier\/wp-content\/uploads\/sites\/5\/2024\/08\/DJI_0518-scaled.jpg\" class=\"image\">\n                <\/div>\n            <\/div>\n                        <div class=\"text \">\n            <h2 class=\"over-content\"><\/h2>\n            <div class=\"content \"><h2>Geschichte des Standorts<\/h2>\n<h2><\/h2>\n<p>Im Jahr 2005 erwarb die B&amp;O Gruppe etwa 70 Hektar des Kasernengel\u00e4ndes von der Bundesrepublik Deutschland. Die milit\u00e4rischen Anlagen wurden 1936 errichtet und dienten zun\u00e4chst der Ausbildung von Wehrmachtssoldaten, nach dem Krieg als Kriegsgefangenenlager und Auffanglager f\u00fcr Waisenkinder. Anschlie\u00dfend \u00fcbernahmen amerikanische Geheimdienste den Standort und bauten ihn zu einer Abh\u00f6ranlage aus. Die Antennen \u2013 die wei\u00dfen Kugeln im S\u00fcden des Gel\u00e4ndes \u2013 sind teilweise heute noch im Betrieb.<\/p>\n<\/div>\n\n            \n            <div class=\"read-more-content\"><\/div>\n                    <\/div>\n        <\/div>\n","protected":false},"excerpt":{"rendered":"<p>\u00dcberblick<\/p>\n","protected":false},"author":1,"featured_media":0,"parent":0,"menu_order":0,"comment_status":"closed","ping_status":"open","template":"","meta":{"_acf_changed":false,"footnotes":""},"class_list":["post-2","page","type-page","status-publish","hentry"],"acf":[],"_links":{"self":[{"href":"https:\/\/buo.de\/forschungsquartier\/wp-json\/wp\/v2\/pages\/2","targetHints":{"allow":["GET"]}}],"collection":[{"href":"https:\/\/buo.de\/forschungsquartier\/wp-json\/wp\/v2\/pages"}],"about":[{"href":"https:\/\/buo.de\/forschungsquartier\/wp-json\/wp\/v2\/types\/page"}],"author":[{"embeddable":true,"href":"https:\/\/buo.de\/forschungsquartier\/wp-json\/wp\/v2\/users\/1"}],"replies":[{"embeddable":true,"href":"https:\/\/buo.de\/forschungsquartier\/wp-json\/wp\/v2\/comments?post=2"}],"version-history":[{"count":129,"href":"https:\/\/buo.de\/forschungsquartier\/wp-json\/wp\/v2\/pages\/2\/revisions"}],"predecessor-version":[{"id":1412,"href":"https:\/\/buo.de\/forschungsquartier\/wp-json\/wp\/v2\/pages\/2\/revisions\/1412"}],"wp:attachment":[{"href":"https:\/\/buo.de\/forschungsquartier\/wp-json\/wp\/v2\/media?parent=2"}],"curies":[{"name":"wp","href":"https:\/\/api.w.org\/{rel}","templated":true}]}}