{"id":4565,"date":"2025-09-08T14:29:54","date_gmt":"2025-09-08T12:29:54","guid":{"rendered":"https:\/\/buo.de\/service\/?page_id=4565"},"modified":"2025-09-08T14:29:56","modified_gmt":"2025-09-08T12:29:56","slug":"erklaerung-zur-barrierefreiheit","status":"publish","type":"page","link":"https:\/\/buo.de\/service\/erklaerung-zur-barrierefreiheit\/","title":{"rendered":"Erkl\u00e4rung zur Barrierefreiheit"},"content":{"rendered":"\n<h2 class=\"wp-block-heading\">Erkl\u00e4rung zur Barrierefreiheit<\/h2>\n\n\n\n<p>Die B&amp;O Service AG ist bem\u00fcht, ihre Website&nbsp;<a data-highlighted href=\"https:\/\/buo.de\/service\">https:\/\/buo.de\/service<\/a>&nbsp;barrierefrei zug\u00e4nglich zu machen. Diese Erkl\u00e4rung zur Barrierefreiheit gilt f\u00fcr die Website https:\/\/buo.de und wurde gem\u00e4\u00df dem Barrierefreiheitsst\u00e4rkungsgesetz (BFSG) erstellt.<\/p>\n\n\n\n<p>Stand der Vereinbarkeit mit den Anforderungen<\/p>\n\n\n\n<p>Die Website ist vollst\u00e4ndig mit den Anforderungen der WCAG 2.1 auf Konformit\u00e4tsstufe AA vereinbar.<\/p>\n\n\n\n<p>Die Umsetzung der Barrierefreiheit wurde durch interne Pr\u00fcfungen mit einem auf der axe Core API basierenden Test-Plugin sowie durch regelm\u00e4\u00dfige \u00dcberpr\u00fcfungen durch die betreuende Webagentur qbits OG sichergestellt.<\/p>\n\n\n\n<p>Nicht barrierefreie Inhalte<\/p>\n\n\n\n<p>Einige Inhalte sind nicht vollst\u00e4ndig barrierefrei, jedoch werden hierf\u00fcr alternative Zug\u00e4nge angeboten:<\/p>\n\n\n\n<p>\u00b7 Kartendarstellungen: Diese sind visuell eingebunden, jedoch stehen textliche Beschreibungen oder PDF-Dokumente mit den entsprechenden Informationen zur Verf\u00fcgung.<\/p>\n\n\n\n<p>\u00b7 Videoinhalte: Einige Videos enthalten keine Untertitel oder Audiodeskriptionen, jedoch werden die Inhalte in Textform oder als Download-Dokument bereitgestellt.<\/p>\n\n\n\n<p>Diese Ausnahmen sind derzeit aus technischen oder wirtschaftlichen Gr\u00fcnden gegeben, werden jedoch bei zuk\u00fcnftigen Weiterentwicklungen ber\u00fccksichtigt.<\/p>\n\n\n\n<p>R\u00fcckmeldung und Kontakt<\/p>\n\n\n\n<p>Sollten Ihnen Barrieren auf&nbsp;<a data-highlighted href=\"https:\/\/buo.de\/service\">https:\/\/buo.de\/service&nbsp;<\/a>auffallen oder haben Sie Hinweise zur Verbesserung, k\u00f6nnen Sie uns jederzeit kontaktieren:<\/p>\n\n\n\n<p>Kontaktadresse:<\/p>\n\n\n\n<p>B&amp;O Service AG&nbsp;<\/p>\n\n\n\n<p>E-Mail:&nbsp;<a data-highlighted href=\"mailto:info@boservice.de\">info@boservice.de<\/a><\/p>\n\n\n\n<p>Durchsetzungsverfahren<\/p>\n\n\n\n<p>Wenn Ihre Hinweise zur Barrierefreiheit der Website nicht innerhalb eines angemessenen Zeitraums beantwortet werden, k\u00f6nnen Sie sich an die nachfolgende Durchsetzungsstelle wenden:<\/p>\n\n\n\n<p>Durchsetzungs- und \u00dcberwachungsstelle gem\u00e4\u00df BFSG:<\/p>\n\n\n\n<p>Deutscher Behindertenrat (DBR)<\/p>\n\n\n\n<p>c\/o Beauftragter der Bundesregierung f\u00fcr die Belange von Menschen mit Behinderungen<\/p>\n\n\n\n<p>Mauerstra\u00dfe 53<\/p>\n\n\n\n<p>10117 Berlin&nbsp;<\/p>\n\n\n\n<figure class=\"wp-block-embed\"><div class=\"wp-block-embed__wrapper\">\nhttps:\/\/www.behindertenbeauftragter.de\n<\/div><\/figure>\n\n\n\n<p>Erkl\u00e4rungserstellung<\/p>\n\n\n\n<p>Diese Erkl\u00e4rung wurde am 16. Juni 2025 erstellt.<\/p>\n\n\n\n<p>Die Pr\u00fcfung der Barrierefreiheit basiert auf einer internen Selbstbewertung mithilfe automatisierter Testwerkzeuge sowie externen Einsch\u00e4tzungen durch die Webagentur qbits OG.<\/p>\n\n\n\n<p>Der Stand der Barrierefreiheit wurde zuletzt am 16. Juni 2025 \u00fcberpr\u00fcft.<\/p>\n","protected":false},"excerpt":{"rendered":"<p>Erkl\u00e4rung zur Barrierefreiheit Die B&amp;O Service AG ist bem\u00fcht, ihre Website&nbsp;https:\/\/buo.de\/service&nbsp;barrierefrei zug\u00e4nglich zu machen. Diese Erkl\u00e4rung zur Barrierefreiheit gilt f\u00fcr die Website https:\/\/buo.de und wurde gem\u00e4\u00df dem Barrierefreiheitsst\u00e4rkungsgesetz (BFSG) erstellt. Stand der Vereinbarkeit mit den Anforderungen Die Website ist vollst\u00e4ndig mit den Anforderungen der WCAG 2.1 auf Konformit\u00e4tsstufe AA vereinbar. Die Umsetzung der Barrierefreiheit wurde&#8230;<\/p>\n","protected":false},"author":8,"featured_media":0,"parent":0,"menu_order":0,"comment_status":"closed","ping_status":"closed","template":"","meta":{"_acf_changed":false,"_relevanssi_hide_post":"","_relevanssi_hide_content":"","_relevanssi_pin_for_all":"","_relevanssi_pin_keywords":"","_relevanssi_unpin_keywords":"","_relevanssi_related_keywords":"","_relevanssi_related_include_ids":"","_relevanssi_related_exclude_ids":"","_relevanssi_related_no_append":"","_relevanssi_related_not_related":"","_relevanssi_related_posts":"772,1","_relevanssi_noindex_reason":"","footnotes":""},"class_list":["post-4565","page","type-page","status-publish","hentry"],"acf":[],"yoast_head":"<!-- This site is optimized with the Yoast SEO plugin v27.1.1 - https:\/\/yoast.com\/product\/yoast-seo-wordpress\/ -->\n<title>Erkl\u00e4rung zur Barrierefreiheit - B&amp;O Service<\/title>\n<meta name=\"robots\" content=\"index, follow, max-snippet:-1, max-image-preview:large, max-video-preview:-1\" \/>\n<link rel=\"canonical\" href=\"https:\/\/buo.de\/service\/erklaerung-zur-barrierefreiheit\/\" \/>\n<meta property=\"og:locale\" content=\"de_DE\" \/>\n<meta property=\"og:type\" content=\"article\" \/>\n<meta property=\"og:title\" content=\"Erkl\u00e4rung zur Barrierefreiheit - B&amp;O Service\" \/>\n<meta property=\"og:description\" content=\"Erkl\u00e4rung zur Barrierefreiheit Die B&amp;O Service AG ist bem\u00fcht, ihre Website&nbsp;https:\/\/buo.de\/service&nbsp;barrierefrei zug\u00e4nglich zu machen. Diese Erkl\u00e4rung zur Barrierefreiheit gilt f\u00fcr die Website https:\/\/buo.de und wurde gem\u00e4\u00df dem Barrierefreiheitsst\u00e4rkungsgesetz (BFSG) erstellt. Stand der Vereinbarkeit mit den Anforderungen Die Website ist vollst\u00e4ndig mit den Anforderungen der WCAG 2.1 auf Konformit\u00e4tsstufe AA vereinbar. Die Umsetzung der Barrierefreiheit wurde...\" \/>\n<meta property=\"og:url\" content=\"https:\/\/buo.de\/service\/erklaerung-zur-barrierefreiheit\/\" \/>\n<meta property=\"og:site_name\" content=\"B&amp;O Service\" \/>\n<meta property=\"article:modified_time\" content=\"2025-09-08T12:29:56+00:00\" \/>\n<meta name=\"twitter:card\" content=\"summary_large_image\" \/>\n<meta name=\"twitter:label1\" content=\"Gesch\u00e4tzte Lesezeit\" \/>\n\t<meta name=\"twitter:data1\" content=\"2\u00a0Minuten\" \/>\n<script type=\"application\/ld+json\" class=\"yoast-schema-graph\">{\"@context\":\"https:\/\/schema.org\",\"@graph\":[{\"@type\":\"WebPage\",\"@id\":\"https:\/\/buo.de\/service\/erklaerung-zur-barrierefreiheit\/\",\"url\":\"https:\/\/buo.de\/service\/erklaerung-zur-barrierefreiheit\/\",\"name\":\"Erkl\u00e4rung zur Barrierefreiheit - B&O Service\",\"isPartOf\":{\"@id\":\"https:\/\/buo.de\/service\/#website\"},\"datePublished\":\"2025-09-08T12:29:54+00:00\",\"dateModified\":\"2025-09-08T12:29:56+00:00\",\"breadcrumb\":{\"@id\":\"https:\/\/buo.de\/service\/erklaerung-zur-barrierefreiheit\/#breadcrumb\"},\"inLanguage\":\"de\",\"potentialAction\":[{\"@type\":\"ReadAction\",\"target\":[\"https:\/\/buo.de\/service\/erklaerung-zur-barrierefreiheit\/\"]}]},{\"@type\":\"BreadcrumbList\",\"@id\":\"https:\/\/buo.de\/service\/erklaerung-zur-barrierefreiheit\/#breadcrumb\",\"itemListElement\":[{\"@type\":\"ListItem\",\"position\":1,\"name\":\"Startseite\",\"item\":\"https:\/\/buo.de\/service\/\"},{\"@type\":\"ListItem\",\"position\":2,\"name\":\"Erkl\u00e4rung zur Barrierefreiheit\"}]},{\"@type\":\"WebSite\",\"@id\":\"https:\/\/buo.de\/service\/#website\",\"url\":\"https:\/\/buo.de\/service\/\",\"name\":\"B&O Service\",\"description\":\"\",\"potentialAction\":[{\"@type\":\"SearchAction\",\"target\":{\"@type\":\"EntryPoint\",\"urlTemplate\":\"https:\/\/buo.de\/service\/?s={search_term_string}\"},\"query-input\":{\"@type\":\"PropertyValueSpecification\",\"valueRequired\":true,\"valueName\":\"search_term_string\"}}],\"inLanguage\":\"de\"}]}<\/script>\n<!-- \/ Yoast SEO plugin. -->","yoast_head_json":{"title":"Erkl\u00e4rung zur Barrierefreiheit - B&O Service","robots":{"index":"index","follow":"follow","max-snippet":"max-snippet:-1","max-image-preview":"max-image-preview:large","max-video-preview":"max-video-preview:-1"},"canonical":"https:\/\/buo.de\/service\/erklaerung-zur-barrierefreiheit\/","og_locale":"de_DE","og_type":"article","og_title":"Erkl\u00e4rung zur Barrierefreiheit - B&O Service","og_description":"Erkl\u00e4rung zur Barrierefreiheit Die B&amp;O Service AG ist bem\u00fcht, ihre Website&nbsp;https:\/\/buo.de\/service&nbsp;barrierefrei zug\u00e4nglich zu machen. Diese Erkl\u00e4rung zur Barrierefreiheit gilt f\u00fcr die Website https:\/\/buo.de und wurde gem\u00e4\u00df dem Barrierefreiheitsst\u00e4rkungsgesetz (BFSG) erstellt. Stand der Vereinbarkeit mit den Anforderungen Die Website ist vollst\u00e4ndig mit den Anforderungen der WCAG 2.1 auf Konformit\u00e4tsstufe AA vereinbar. Die Umsetzung der Barrierefreiheit wurde...","og_url":"https:\/\/buo.de\/service\/erklaerung-zur-barrierefreiheit\/","og_site_name":"B&O Service","article_modified_time":"2025-09-08T12:29:56+00:00","twitter_card":"summary_large_image","twitter_misc":{"Gesch\u00e4tzte Lesezeit":"2\u00a0Minuten"},"schema":{"@context":"https:\/\/schema.org","@graph":[{"@type":"WebPage","@id":"https:\/\/buo.de\/service\/erklaerung-zur-barrierefreiheit\/","url":"https:\/\/buo.de\/service\/erklaerung-zur-barrierefreiheit\/","name":"Erkl\u00e4rung zur Barrierefreiheit - B&O Service","isPartOf":{"@id":"https:\/\/buo.de\/service\/#website"},"datePublished":"2025-09-08T12:29:54+00:00","dateModified":"2025-09-08T12:29:56+00:00","breadcrumb":{"@id":"https:\/\/buo.de\/service\/erklaerung-zur-barrierefreiheit\/#breadcrumb"},"inLanguage":"de","potentialAction":[{"@type":"ReadAction","target":["https:\/\/buo.de\/service\/erklaerung-zur-barrierefreiheit\/"]}]},{"@type":"BreadcrumbList","@id":"https:\/\/buo.de\/service\/erklaerung-zur-barrierefreiheit\/#breadcrumb","itemListElement":[{"@type":"ListItem","position":1,"name":"Startseite","item":"https:\/\/buo.de\/service\/"},{"@type":"ListItem","position":2,"name":"Erkl\u00e4rung zur Barrierefreiheit"}]},{"@type":"WebSite","@id":"https:\/\/buo.de\/service\/#website","url":"https:\/\/buo.de\/service\/","name":"B&O Service","description":"","potentialAction":[{"@type":"SearchAction","target":{"@type":"EntryPoint","urlTemplate":"https:\/\/buo.de\/service\/?s={search_term_string}"},"query-input":{"@type":"PropertyValueSpecification","valueRequired":true,"valueName":"search_term_string"}}],"inLanguage":"de"}]}},"_links":{"self":[{"href":"https:\/\/buo.de\/service\/wp-json\/wp\/v2\/pages\/4565","targetHints":{"allow":["GET"]}}],"collection":[{"href":"https:\/\/buo.de\/service\/wp-json\/wp\/v2\/pages"}],"about":[{"href":"https:\/\/buo.de\/service\/wp-json\/wp\/v2\/types\/page"}],"author":[{"embeddable":true,"href":"https:\/\/buo.de\/service\/wp-json\/wp\/v2\/users\/8"}],"replies":[{"embeddable":true,"href":"https:\/\/buo.de\/service\/wp-json\/wp\/v2\/comments?post=4565"}],"version-history":[{"count":1,"href":"https:\/\/buo.de\/service\/wp-json\/wp\/v2\/pages\/4565\/revisions"}],"predecessor-version":[{"id":4566,"href":"https:\/\/buo.de\/service\/wp-json\/wp\/v2\/pages\/4565\/revisions\/4566"}],"wp:attachment":[{"href":"https:\/\/buo.de\/service\/wp-json\/wp\/v2\/media?parent=4565"}],"curies":[{"name":"wp","href":"https:\/\/api.w.org\/{rel}","templated":true}]}}