{"id":739,"date":"2023-05-02T21:01:44","date_gmt":"2023-05-02T19:01:44","guid":{"rendered":"https:\/\/test.qbits.at\/buo-service\/?page_id=739"},"modified":"2026-04-02T15:42:13","modified_gmt":"2026-04-02T13:42:13","slug":"partner","status":"publish","type":"page","link":"https:\/\/buo.de\/service\/partner\/","title":{"rendered":"Partner"},"content":{"rendered":"\n<div class=\"wp-block-columns has-white-color has-dark-blue-background-color has-text-color has-background has-full-width is-layout-flex wp-container-core-columns-is-layout-9d6595d7 wp-block-columns-is-layout-flex\">\n<div class=\"wp-block-column is-layout-flow wp-block-column-is-layout-flow\">\n<div class=\"wp-block-columns is-layout-flex wp-container-core-columns-is-layout-9d6595d7 wp-block-columns-is-layout-flex\">\n<div class=\"wp-block-column is-layout-flow wp-block-column-is-layout-flow\">\n<div style=\"height:20px\" aria-hidden=\"true\" class=\"wp-block-spacer\"><\/div>\n\n\n\n<h2 class=\"wp-block-heading\">Starke Partnerschaften<\/h2>\n<\/div>\n\n\n\n<div class=\"wp-block-column is-layout-flow wp-block-column-is-layout-flow\">\n<div style=\"height:24px\" aria-hidden=\"true\" class=\"wp-block-spacer\"><\/div>\n\n\n\n<p>Aktuell betreuen wir mehr als 600.000 Wohnungen deutschlandweit mit rund 1 Mio. Reparaturen pro Jahr. Das k\u00f6nnen wir nur leisten, weil wir als traditionsreiches Unternehmen verl\u00e4ssliche Partner an unserer Seite haben. Neben unseren 1.000 fest angestellten Handwerkerinnen und Handwerkern arbeiten wir mit knapp 1.000 ausgew\u00e4hlten Handwerksunternehmen zusammen. Ein Profi-Netzwerk, das wir aufgrund unseres Wachstums st\u00e4ndig weiter ausbauen.<\/p>\n<\/div>\n<\/div>\n<\/div>\n<\/div>\n\n\n\n<div style=\"height:90px\" aria-hidden=\"true\" class=\"wp-block-spacer\"><\/div>\n\n\n\n<figure class=\"wp-block-image size-full\"><img loading=\"lazy\" decoding=\"async\" width=\"2560\" height=\"400\" src=\"https:\/\/buo.de\/service\/wp-content\/uploads\/sites\/3\/2026\/04\/BO_Service_Banner_Website_Real-Estate-Arena_3200x500_final-1-scaled.png\" alt=\"\" class=\"wp-image-71179\" srcset=\"https:\/\/buo.de\/service\/wp-content\/uploads\/sites\/3\/2026\/04\/BO_Service_Banner_Website_Real-Estate-Arena_3200x500_final-1-scaled.png 2560w, https:\/\/buo.de\/service\/wp-content\/uploads\/sites\/3\/2026\/04\/BO_Service_Banner_Website_Real-Estate-Arena_3200x500_final-1-300x47.png 300w, https:\/\/buo.de\/service\/wp-content\/uploads\/sites\/3\/2026\/04\/BO_Service_Banner_Website_Real-Estate-Arena_3200x500_final-1-1024x160.png 1024w, https:\/\/buo.de\/service\/wp-content\/uploads\/sites\/3\/2026\/04\/BO_Service_Banner_Website_Real-Estate-Arena_3200x500_final-1-768x120.png 768w, https:\/\/buo.de\/service\/wp-content\/uploads\/sites\/3\/2026\/04\/BO_Service_Banner_Website_Real-Estate-Arena_3200x500_final-1-1536x240.png 1536w, https:\/\/buo.de\/service\/wp-content\/uploads\/sites\/3\/2026\/04\/BO_Service_Banner_Website_Real-Estate-Arena_3200x500_final-1-2048x320.png 2048w, https:\/\/buo.de\/service\/wp-content\/uploads\/sites\/3\/2026\/04\/BO_Service_Banner_Website_Real-Estate-Arena_3200x500_final-1-1920x300.png 1920w, https:\/\/buo.de\/service\/wp-content\/uploads\/sites\/3\/2026\/04\/BO_Service_Banner_Website_Real-Estate-Arena_3200x500_final-1-1320x206.png 1320w\" sizes=\"auto, (max-width: 2560px) 100vw, 2560px\" \/><\/figure>\n\n\n\n<div style=\"height:100px\" aria-hidden=\"true\" class=\"wp-block-spacer\"><\/div>\n\n\n<div id=\"text-and-image-block_f6b558cecc74b7802a10948ea0622d93\"\n     class=\"text-and-image-container ltr has-highlighted-text slide_in_animation\">\n\n    <style>\n        #text-and-image-block_f6b558cecc74b7802a10948ea0622d93 {\n            --textAndImageHeight: 550px;\n            --textAndImageBackgroundColor: #241d4c;\n            --textAndImageTextColor: #ffffff;\n        }\n        @media screen and (max-width: 1024px) {\n        #text-and-image-block_f6b558cecc74b7802a10948ea0622d93 {\n            --textAndImageHeight: 300px;\n        }\n        }\n    <\/style>\n\n                <div class=\"image-wrapper cover\">\n                <div class=\"image-outer\">\n                                        <img decoding=\"async\" loading=\"lazy\" alt=\"\" style=\"height: var(--textAndImageHeight);object-position: center center\" sizes=\"(max-width: 1707px) 100vw, 1707px\" srcset=\"https:\/\/buo.de\/service\/wp-content\/uploads\/sites\/3\/2025\/09\/OS45805-scaled.jpg.webp 1707w, https:\/\/buo.de\/service\/wp-content\/uploads\/sites\/3\/2025\/09\/OS45805-scaled.jpg-200x300.webp 200w, https:\/\/buo.de\/service\/wp-content\/uploads\/sites\/3\/2025\/09\/OS45805-scaled.jpg-683x1024.webp 683w, https:\/\/buo.de\/service\/wp-content\/uploads\/sites\/3\/2025\/09\/OS45805-scaled.jpg-768x1152.webp 768w, https:\/\/buo.de\/service\/wp-content\/uploads\/sites\/3\/2025\/09\/OS45805-scaled.jpg-1024x1536.webp 1024w, https:\/\/buo.de\/service\/wp-content\/uploads\/sites\/3\/2025\/09\/OS45805-scaled.jpg-1366x2048.webp 1366w, https:\/\/buo.de\/service\/wp-content\/uploads\/sites\/3\/2025\/09\/OS45805-scaled.jpg-720x1080.webp 720w, https:\/\/buo.de\/service\/wp-content\/uploads\/sites\/3\/2025\/09\/OS45805-scaled.jpg-1320x1980.webp 1320w\" src=\"https:\/\/buo.de\/service\/wp-content\/uploads\/sites\/3\/2025\/09\/OS45805-scaled.jpg.webp\" class=\"image\">\n                <\/div>\n            <\/div>\n                        <div class=\"text is-highlighted\">\n            <h2 class=\"over-content\">Instandhaltung<\/h2>\n            <div class=\"content \"><p class=\"p1\">Durch unsere 1.000 Handwerkerinnen und Handwerker sind wir in der Instandhaltung gut aufgestellt und k\u00f6nnen 80 % der Auftr\u00e4ge selbst erledigen. Doch alles k\u00f6nnen wir nicht zu jedem Zeitpunkt selbst abdecken. Sei es aufgrund aktueller Kapazit\u00e4tsengp\u00e4sse, bestimmter Gebiete oder fehlender Gewerke. Hier arbeiten wir langfristig mit Partnerunternehmen verschiedener handwerklicher Gewerke zusammen.<\/p>\n<p class=\"p1\">Durch eine Partnerschaft mit uns profitieren Sie von einer kontinuierlichen, gemeinsam definierten Auslastung. Instandhaltungs- und Wartungsauftr\u00e4ge erhalten Sie als Partnerunternehmen direkt online in unserem Auftragssystem. Hier haben Sie 24h Zeit, einen Auftrag anzunehmen oder abzulehnen. In diesem System findet die gesamte Auftragsabwicklung von Beauftragung \u00fcber den Leistungsnachweis und die Rechnungserstellung statt. F\u00fcr Sie also maximal unkompliziert und transparent.<\/p>\n<\/div>\n\n            \n            <div class=\"read-more-content\"><\/div>\n            <a href=\"https:\/\/bohwk.de\/Account\/Login?ReturnUrl=%2F#\/\" target=\"_blank\" title=\"Instandhaltung\" class=\"button\">Zu meinen Auftr\u00e4gen<\/a>        <\/div>\n        <\/div>\n\n\n\n<div style=\"height:80px\" aria-hidden=\"true\" class=\"wp-block-spacer\"><\/div>\n\n\n<div id=\"text-and-image-block_21890e8ad56ad72e51071ed7121fd493\"\n     class=\"text-and-image-container rtl has-highlighted-text slide_in_animation\">\n\n    <style>\n        #text-and-image-block_21890e8ad56ad72e51071ed7121fd493 {\n            --textAndImageHeight: 550px;\n            --textAndImageBackgroundColor: #241d4c;\n            --textAndImageTextColor: #ffffff;\n        }\n        @media screen and (max-width: 1024px) {\n        #text-and-image-block_21890e8ad56ad72e51071ed7121fd493 {\n            --textAndImageHeight: 300px;\n        }\n        }\n    <\/style>\n\n                <div class=\"image-wrapper cover\">\n                <div class=\"image-outer\">\n                                        <img decoding=\"async\" loading=\"lazy\" alt=\"\" style=\"height: var(--textAndImageHeight);object-position: center center\" sizes=\"(max-width: 1707px) 100vw, 1707px\" srcset=\"https:\/\/buo.de\/service\/wp-content\/uploads\/sites\/3\/2025\/09\/OS41615-scaled.jpg.webp 1707w, https:\/\/buo.de\/service\/wp-content\/uploads\/sites\/3\/2025\/09\/OS41615-scaled.jpg-200x300.webp 200w, https:\/\/buo.de\/service\/wp-content\/uploads\/sites\/3\/2025\/09\/OS41615-scaled.jpg-683x1024.webp 683w, https:\/\/buo.de\/service\/wp-content\/uploads\/sites\/3\/2025\/09\/OS41615-scaled.jpg-768x1152.webp 768w, https:\/\/buo.de\/service\/wp-content\/uploads\/sites\/3\/2025\/09\/OS41615-scaled.jpg-1024x1536.webp 1024w, https:\/\/buo.de\/service\/wp-content\/uploads\/sites\/3\/2025\/09\/OS41615-scaled.jpg-1366x2048.webp 1366w, https:\/\/buo.de\/service\/wp-content\/uploads\/sites\/3\/2025\/09\/OS41615-scaled.jpg-720x1080.webp 720w, https:\/\/buo.de\/service\/wp-content\/uploads\/sites\/3\/2025\/09\/OS41615-scaled.jpg-1320x1980.webp 1320w\" src=\"https:\/\/buo.de\/service\/wp-content\/uploads\/sites\/3\/2025\/09\/OS41615-scaled.jpg.webp\" class=\"image\">\n                <\/div>\n            <\/div>\n                        <div class=\"text is-highlighted\">\n            <h2 class=\"over-content\">Wohnungsmodernisierung<\/h2>\n            <div class=\"content \"><p>Bei der Sanierung von Wohnungen setzen wir auf technische Innovationen. Unsere eigens entwickelte Software bildet den gesamten Prozess der Wohnungsmodernisierung digital ab.\u00a0 So wird der administrative Aufwand von Sanierungsprojekten minimiert und die Kommunikation f\u00fcr alle Projektbeteiligten vereinfacht.<\/p>\n<p><!-- wp:paragraph --><\/p>\n<p>Unsere \u00fcber 80 Bauleiter koordinieren die Gewerke und vergeben die Einzelleistungen an unsere eigenen Handwerkerinnen und Handwerker und an unsere Partnerunternehmen \u00fcber die Software bo.om. So erhalten Sie, als unser Partnerunternehmen in der Wohnungsmodernisierung, Ihre Auftr\u00e4ge in Echtzeit. Auch die weitere Abwicklung und Kommunikation l\u00e4uft v\u00f6llig digital ab. \u00dcber die Dokumentation, den Leistungsnachweis bis zur Rechnungserstellung. F\u00fcr Sie also maximal unkompliziert, sicher und transparent.<\/p>\n<!-- \/wp:paragraph --><\/div>\n\n            \n            <div class=\"read-more-content\"><\/div>\n            <a href=\"https:\/\/app.bo.om\/login\" target=\"\" title=\"Wohnungsmodernisierung\" class=\"button\">Zu meinen Projekten<\/a>        <\/div>\n        <\/div>\n\n\n\n<div style=\"height:66px\" aria-hidden=\"true\" class=\"wp-block-spacer\"><\/div>\n\n\n<div id=\"text-and-image-block_13cd3068231153c0eca04e78b45431da\"\n     class=\"text-and-image-container ltr has-highlighted-text slide_in_animation\">\n\n    <style>\n        #text-and-image-block_13cd3068231153c0eca04e78b45431da {\n            --textAndImageHeight: 550px;\n            --textAndImageBackgroundColor: #241d4c;\n            --textAndImageTextColor: #ffffff;\n        }\n        @media screen and (max-width: 1024px) {\n        #text-and-image-block_13cd3068231153c0eca04e78b45431da {\n            --textAndImageHeight: 300px;\n        }\n        }\n    <\/style>\n\n                <div class=\"image-wrapper cover\">\n                <div class=\"image-outer\">\n                                        <img decoding=\"async\" loading=\"lazy\" alt=\"\" style=\"height: var(--textAndImageHeight);object-position: left center\" sizes=\"(max-width: 1536px) 100vw, 1536px\" srcset=\"https:\/\/buo.de\/service\/wp-content\/uploads\/sites\/3\/2025\/09\/D8A0791-1536x1024.jpg.webp 1536w, https:\/\/buo.de\/service\/wp-content\/uploads\/sites\/3\/2025\/09\/D8A0791-1536x1024.jpg-300x200.webp 300w, https:\/\/buo.de\/service\/wp-content\/uploads\/sites\/3\/2025\/09\/D8A0791-1536x1024.jpg-1024x683.webp 1024w, https:\/\/buo.de\/service\/wp-content\/uploads\/sites\/3\/2025\/09\/D8A0791-1536x1024.jpg-768x512.webp 768w, https:\/\/buo.de\/service\/wp-content\/uploads\/sites\/3\/2025\/09\/D8A0791-1536x1024.jpg-1320x880.webp 1320w\" src=\"https:\/\/buo.de\/service\/wp-content\/uploads\/sites\/3\/2025\/09\/D8A0791-1536x1024.jpg.webp\" class=\"image\">\n                <\/div>\n            <\/div>\n                        <div class=\"text is-highlighted\">\n            <h2 class=\"over-content\">B&amp;O Service Partner werden<\/h2>\n            <div class=\"content \"><p>Sie sind Installateur, Maler, Tischler, Anlagenmechaniker, Elektroniker und haben einen Betrieb?<\/p>\n<p>Von einer Partnerschaft mit B&amp;O Service profitieren Sie genauso wie wir. Wir k\u00f6nnen unser Leistungsspektrum, unsere Effizienz und unsere regionale Pr\u00e4senz ausbauen. Sie profitieren von einer hohen Auftragssicherheit, Planbarkeit und Entlastung in der Administration.<\/p>\n<\/div>\n\n            \n            <div class=\"read-more-content\"><\/div>\n            <a href=\"https:\/\/buo.de\/service\/partner\/registrierung\/\" target=\"\" title=\"B&amp;O Service Partner werden\" class=\"button\">Partner werden<\/a>        <\/div>\n        <\/div>\n\n\n\n<div style=\"height:120px\" aria-hidden=\"true\" class=\"wp-block-spacer\"><\/div>\n\n\n\n<div class=\"wp-block-columns has-white-color has-dark-blue-background-color has-text-color has-background is-rounded is-layout-flex wp-container-core-columns-is-layout-9d6595d7 wp-block-columns-is-layout-flex\">\n<div class=\"wp-block-column is-layout-flow wp-block-column-is-layout-flow\" style=\"flex-basis:100%\">\n<div class=\"wp-block-group is-layout-constrained wp-block-group-is-layout-constrained\">\n<div style=\"height:40px\" aria-hidden=\"true\" class=\"wp-block-spacer\"><\/div>\n\n\n    <div id=\"kennzahlen-block_458c6a41dd2cb030f8a8ffcdeda7f9cb\" class=\"stats-container gap-40 columns-3\">\n        \n            <div class=\"entry\">\n                                    <div class=\"counter\">640.000<\/div>\n                                                <div class=\"description\">betreute Wohneinheiten<\/div>\n            <\/div>\n\n            \n            <div class=\"entry\">\n                                    <div class=\"counter\">5.500<\/div>\n                                                <div class=\"description\">modernisierte Wohnungen im Jahr<\/div>\n            <\/div>\n\n            \n            <div class=\"entry\">\n                                    <div class=\"counter\">1 Mio.<\/div>\n                                                <div class=\"description\">Reparaturen im Jahr<\/div>\n            <\/div>\n\n                <\/div>\n    \n\n\n<div style=\"height:40px\" aria-hidden=\"true\" class=\"wp-block-spacer\"><\/div>\n<\/div>\n<\/div>\n<\/div>\n","protected":false},"excerpt":{"rendered":"<p>Starke Partnerschaften Aktuell betreuen wir mehr als 600.000 Wohnungen deutschlandweit mit rund 1 Mio. Reparaturen pro Jahr. Das k\u00f6nnen wir nur leisten, weil wir als traditionsreiches Unternehmen verl\u00e4ssliche Partner an unserer Seite haben. Neben unseren 1.000 fest angestellten Handwerkerinnen und Handwerkern arbeiten wir mit knapp 1.000 ausgew\u00e4hlten Handwerksunternehmen zusammen. Ein Profi-Netzwerk, das wir aufgrund unseres&#8230;<\/p>\n","protected":false},"author":8,"featured_media":0,"parent":0,"menu_order":0,"comment_status":"closed","ping_status":"closed","template":"","meta":{"_acf_changed":false,"_relevanssi_hide_post":"","_relevanssi_hide_content":"","_relevanssi_pin_for_all":"","_relevanssi_pin_keywords":"","_relevanssi_unpin_keywords":"","_relevanssi_related_keywords":"","_relevanssi_related_include_ids":"","_relevanssi_related_exclude_ids":"","_relevanssi_related_no_append":"","_relevanssi_related_not_related":"","_relevanssi_related_posts":"772,1","_relevanssi_noindex_reason":"","footnotes":""},"class_list":["post-739","page","type-page","status-publish","hentry"],"acf":[],"yoast_head":"<!-- This site is optimized with the Yoast SEO plugin v27.1.1 - https:\/\/yoast.com\/product\/yoast-seo-wordpress\/ -->\n<title>Partner \u2013 B&amp;O Service<\/title>\n<meta name=\"robots\" content=\"index, follow, max-snippet:-1, max-image-preview:large, max-video-preview:-1\" \/>\n<link rel=\"canonical\" href=\"https:\/\/buo.de\/service\/partner\/\" \/>\n<meta property=\"og:locale\" content=\"de_DE\" \/>\n<meta property=\"og:type\" content=\"article\" \/>\n<meta property=\"og:title\" content=\"Partner \u2013 B&amp;O Service\" \/>\n<meta property=\"og:description\" content=\"Starke Partnerschaften Aktuell betreuen wir mehr als 600.000 Wohnungen deutschlandweit mit rund 1 Mio. Reparaturen pro Jahr. Das k\u00f6nnen wir nur leisten, weil wir als traditionsreiches Unternehmen verl\u00e4ssliche Partner an unserer Seite haben. Neben unseren 1.000 fest angestellten Handwerkerinnen und Handwerkern arbeiten wir mit knapp 1.000 ausgew\u00e4hlten Handwerksunternehmen zusammen. Ein Profi-Netzwerk, das wir aufgrund unseres...\" \/>\n<meta property=\"og:url\" content=\"https:\/\/buo.de\/service\/partner\/\" \/>\n<meta property=\"og:site_name\" content=\"B&amp;O Service\" \/>\n<meta property=\"article:modified_time\" content=\"2026-04-02T13:42:13+00:00\" \/>\n<meta property=\"og:image\" content=\"https:\/\/buo.de\/service\/wp-content\/uploads\/sites\/3\/2026\/04\/BO_Service_Banner_Website_Real-Estate-Arena_3200x500_final-1-scaled.png\" \/>\n\t<meta property=\"og:image:width\" content=\"2560\" \/>\n\t<meta property=\"og:image:height\" content=\"400\" \/>\n\t<meta property=\"og:image:type\" content=\"image\/png\" \/>\n<meta name=\"twitter:card\" content=\"summary_large_image\" \/>\n<meta name=\"twitter:label1\" content=\"Gesch\u00e4tzte Lesezeit\" \/>\n\t<meta name=\"twitter:data1\" content=\"1\u00a0Minute\" \/>\n<script type=\"application\/ld+json\" class=\"yoast-schema-graph\">{\"@context\":\"https:\/\/schema.org\",\"@graph\":[{\"@type\":\"WebPage\",\"@id\":\"https:\/\/buo.de\/service\/partner\/\",\"url\":\"https:\/\/buo.de\/service\/partner\/\",\"name\":\"Partner \u2013 B&O Service\",\"isPartOf\":{\"@id\":\"https:\/\/buo.de\/service\/#website\"},\"primaryImageOfPage\":{\"@id\":\"https:\/\/buo.de\/service\/partner\/#primaryimage\"},\"image\":{\"@id\":\"https:\/\/buo.de\/service\/partner\/#primaryimage\"},\"thumbnailUrl\":\"https:\/\/buo.de\/service\/wp-content\/uploads\/sites\/3\/2026\/04\/BO_Service_Banner_Website_Real-Estate-Arena_3200x500_final-1-scaled.png\",\"datePublished\":\"2023-05-02T19:01:44+00:00\",\"dateModified\":\"2026-04-02T13:42:13+00:00\",\"breadcrumb\":{\"@id\":\"https:\/\/buo.de\/service\/partner\/#breadcrumb\"},\"inLanguage\":\"de\",\"potentialAction\":[{\"@type\":\"ReadAction\",\"target\":[\"https:\/\/buo.de\/service\/partner\/\"]}]},{\"@type\":\"ImageObject\",\"inLanguage\":\"de\",\"@id\":\"https:\/\/buo.de\/service\/partner\/#primaryimage\",\"url\":\"https:\/\/buo.de\/service\/wp-content\/uploads\/sites\/3\/2026\/04\/BO_Service_Banner_Website_Real-Estate-Arena_3200x500_final-1-scaled.png\",\"contentUrl\":\"https:\/\/buo.de\/service\/wp-content\/uploads\/sites\/3\/2026\/04\/BO_Service_Banner_Website_Real-Estate-Arena_3200x500_final-1-scaled.png\",\"width\":2560,\"height\":400},{\"@type\":\"BreadcrumbList\",\"@id\":\"https:\/\/buo.de\/service\/partner\/#breadcrumb\",\"itemListElement\":[{\"@type\":\"ListItem\",\"position\":1,\"name\":\"Startseite\",\"item\":\"https:\/\/buo.de\/service\/\"},{\"@type\":\"ListItem\",\"position\":2,\"name\":\"Partner\"}]},{\"@type\":\"WebSite\",\"@id\":\"https:\/\/buo.de\/service\/#website\",\"url\":\"https:\/\/buo.de\/service\/\",\"name\":\"B&O Service\",\"description\":\"\",\"potentialAction\":[{\"@type\":\"SearchAction\",\"target\":{\"@type\":\"EntryPoint\",\"urlTemplate\":\"https:\/\/buo.de\/service\/?s={search_term_string}\"},\"query-input\":{\"@type\":\"PropertyValueSpecification\",\"valueRequired\":true,\"valueName\":\"search_term_string\"}}],\"inLanguage\":\"de\"}]}<\/script>\n<!-- \/ Yoast SEO plugin. -->","yoast_head_json":{"title":"Partner \u2013 B&O Service","robots":{"index":"index","follow":"follow","max-snippet":"max-snippet:-1","max-image-preview":"max-image-preview:large","max-video-preview":"max-video-preview:-1"},"canonical":"https:\/\/buo.de\/service\/partner\/","og_locale":"de_DE","og_type":"article","og_title":"Partner \u2013 B&O Service","og_description":"Starke Partnerschaften Aktuell betreuen wir mehr als 600.000 Wohnungen deutschlandweit mit rund 1 Mio. Reparaturen pro Jahr. Das k\u00f6nnen wir nur leisten, weil wir als traditionsreiches Unternehmen verl\u00e4ssliche Partner an unserer Seite haben. Neben unseren 1.000 fest angestellten Handwerkerinnen und Handwerkern arbeiten wir mit knapp 1.000 ausgew\u00e4hlten Handwerksunternehmen zusammen. Ein Profi-Netzwerk, das wir aufgrund unseres...","og_url":"https:\/\/buo.de\/service\/partner\/","og_site_name":"B&O Service","article_modified_time":"2026-04-02T13:42:13+00:00","og_image":[{"width":2560,"height":400,"url":"https:\/\/buo.de\/service\/wp-content\/uploads\/sites\/3\/2026\/04\/BO_Service_Banner_Website_Real-Estate-Arena_3200x500_final-1-scaled.png","type":"image\/png"}],"twitter_card":"summary_large_image","twitter_misc":{"Gesch\u00e4tzte Lesezeit":"1\u00a0Minute"},"schema":{"@context":"https:\/\/schema.org","@graph":[{"@type":"WebPage","@id":"https:\/\/buo.de\/service\/partner\/","url":"https:\/\/buo.de\/service\/partner\/","name":"Partner \u2013 B&O Service","isPartOf":{"@id":"https:\/\/buo.de\/service\/#website"},"primaryImageOfPage":{"@id":"https:\/\/buo.de\/service\/partner\/#primaryimage"},"image":{"@id":"https:\/\/buo.de\/service\/partner\/#primaryimage"},"thumbnailUrl":"https:\/\/buo.de\/service\/wp-content\/uploads\/sites\/3\/2026\/04\/BO_Service_Banner_Website_Real-Estate-Arena_3200x500_final-1-scaled.png","datePublished":"2023-05-02T19:01:44+00:00","dateModified":"2026-04-02T13:42:13+00:00","breadcrumb":{"@id":"https:\/\/buo.de\/service\/partner\/#breadcrumb"},"inLanguage":"de","potentialAction":[{"@type":"ReadAction","target":["https:\/\/buo.de\/service\/partner\/"]}]},{"@type":"ImageObject","inLanguage":"de","@id":"https:\/\/buo.de\/service\/partner\/#primaryimage","url":"https:\/\/buo.de\/service\/wp-content\/uploads\/sites\/3\/2026\/04\/BO_Service_Banner_Website_Real-Estate-Arena_3200x500_final-1-scaled.png","contentUrl":"https:\/\/buo.de\/service\/wp-content\/uploads\/sites\/3\/2026\/04\/BO_Service_Banner_Website_Real-Estate-Arena_3200x500_final-1-scaled.png","width":2560,"height":400},{"@type":"BreadcrumbList","@id":"https:\/\/buo.de\/service\/partner\/#breadcrumb","itemListElement":[{"@type":"ListItem","position":1,"name":"Startseite","item":"https:\/\/buo.de\/service\/"},{"@type":"ListItem","position":2,"name":"Partner"}]},{"@type":"WebSite","@id":"https:\/\/buo.de\/service\/#website","url":"https:\/\/buo.de\/service\/","name":"B&O Service","description":"","potentialAction":[{"@type":"SearchAction","target":{"@type":"EntryPoint","urlTemplate":"https:\/\/buo.de\/service\/?s={search_term_string}"},"query-input":{"@type":"PropertyValueSpecification","valueRequired":true,"valueName":"search_term_string"}}],"inLanguage":"de"}]}},"_links":{"self":[{"href":"https:\/\/buo.de\/service\/wp-json\/wp\/v2\/pages\/739","targetHints":{"allow":["GET"]}}],"collection":[{"href":"https:\/\/buo.de\/service\/wp-json\/wp\/v2\/pages"}],"about":[{"href":"https:\/\/buo.de\/service\/wp-json\/wp\/v2\/types\/page"}],"author":[{"embeddable":true,"href":"https:\/\/buo.de\/service\/wp-json\/wp\/v2\/users\/8"}],"replies":[{"embeddable":true,"href":"https:\/\/buo.de\/service\/wp-json\/wp\/v2\/comments?post=739"}],"version-history":[{"count":271,"href":"https:\/\/buo.de\/service\/wp-json\/wp\/v2\/pages\/739\/revisions"}],"predecessor-version":[{"id":71194,"href":"https:\/\/buo.de\/service\/wp-json\/wp\/v2\/pages\/739\/revisions\/71194"}],"wp:attachment":[{"href":"https:\/\/buo.de\/service\/wp-json\/wp\/v2\/media?parent=739"}],"curies":[{"name":"wp","href":"https:\/\/api.w.org\/{rel}","templated":true}]}}